{"id":588,"date":"2024-10-01T14:42:49","date_gmt":"2024-10-01T18:42:49","guid":{"rendered":"https:\/\/www.remacite.ca\/le-quartier\/"},"modified":"2026-03-31T08:54:28","modified_gmt":"2026-03-31T12:54:28","slug":"neighbourhood","status":"publish","type":"page","link":"http:\/\/www.remacite.ca\/en\/neighbourhood\/","title":{"rendered":"Neighbourhood"},"content":{"rendered":"","protected":false},"excerpt":{"rendered":"","protected":false},"author":1,"featured_media":0,"parent":0,"menu_order":0,"comment_status":"closed","ping_status":"closed","template":"template-quartier.php","meta":{"_acf_changed":false,"footnotes":""},"class_list":["post-588","page","type-page","status-publish","hentry"],"acf":[],"yoast_head":"<!-- This site is optimized with the Yoast SEO plugin v27.1.1 - https:\/\/yoast.com\/product\/yoast-seo-wordpress\/ -->\n<title>Neighbourhood - Remacit\u00e9<\/title>\n<meta name=\"robots\" content=\"index, follow, max-snippet:-1, max-image-preview:large, max-video-preview:-1\" \/>\n<link rel=\"canonical\" href=\"http:\/\/www.remacite.ca\/en\/neighbourhood\/\" \/>\n<meta property=\"og:locale\" content=\"en_US\" \/>\n<meta property=\"og:type\" content=\"article\" \/>\n<meta property=\"og:title\" content=\"Neighbourhood - Remacit\u00e9\" \/>\n<meta property=\"og:url\" content=\"http:\/\/www.remacite.ca\/en\/neighbourhood\/\" \/>\n<meta property=\"og:site_name\" content=\"Remacit\u00e9\" \/>\n<meta property=\"article:modified_time\" content=\"2026-03-31T12:54:28+00:00\" \/>\n<meta name=\"twitter:card\" content=\"summary_large_image\" \/>\n<meta name=\"twitter:label1\" content=\"Est. reading time\" \/>\n\t<meta name=\"twitter:data1\" content=\"3 minutes\" \/>\n<!-- \/ Yoast SEO plugin. -->","yoast_head_json":{"title":"Neighbourhood - Remacit\u00e9","robots":{"index":"index","follow":"follow","max-snippet":"max-snippet:-1","max-image-preview":"max-image-preview:large","max-video-preview":"max-video-preview:-1"},"canonical":"http:\/\/www.remacite.ca\/en\/neighbourhood\/","og_locale":"en_US","og_type":"article","og_title":"Neighbourhood - Remacit\u00e9","og_url":"http:\/\/www.remacite.ca\/en\/neighbourhood\/","og_site_name":"Remacit\u00e9","article_modified_time":"2026-03-31T12:54:28+00:00","twitter_card":"summary_large_image","twitter_misc":{"Est. reading time":"3 minutes"},"schema":{"@context":"https:\/\/schema.org","@graph":[{"@type":"WebPage","@id":"http:\/\/www.remacite.ca\/en\/neighbourhood\/","url":"http:\/\/www.remacite.ca\/en\/neighbourhood\/","name":"Neighbourhood - Remacit\u00e9","isPartOf":{"@id":"http:\/\/www.remacite.ca\/en\/#website"},"datePublished":"2024-10-01T18:42:49+00:00","dateModified":"2026-03-31T12:54:28+00:00","breadcrumb":{"@id":"http:\/\/www.remacite.ca\/en\/neighbourhood\/#breadcrumb"},"inLanguage":"en-US","potentialAction":[{"@type":"ReadAction","target":["http:\/\/www.remacite.ca\/en\/neighbourhood\/"]}]},{"@type":"BreadcrumbList","@id":"http:\/\/www.remacite.ca\/en\/neighbourhood\/#breadcrumb","itemListElement":[{"@type":"ListItem","position":1,"name":"Accueil","item":"https:\/\/www.remacite.ca\/en\/"},{"@type":"ListItem","position":2,"name":"Neighbourhood"}]},{"@type":"WebSite","@id":"http:\/\/www.remacite.ca\/en\/#website","url":"http:\/\/www.remacite.ca\/en\/","name":"Remacit\u00e9","description":"\u00c0 deux pas du REM et du Quartier Dix30, le projet Remacit\u00e9 est l\u2019endroit parfait pour profiter d\u2019une qualit\u00e9 de vie sans pareille au c\u0153ur de l\u2019action","potentialAction":[{"@type":"SearchAction","target":{"@type":"EntryPoint","urlTemplate":"http:\/\/www.remacite.ca\/en\/?s={search_term_string}"},"query-input":{"@type":"PropertyValueSpecification","valueRequired":true,"valueName":"search_term_string"}}],"inLanguage":"en-US"}]}},"_links":{"self":[{"href":"http:\/\/www.remacite.ca\/en\/wp-json\/wp\/v2\/pages\/588","targetHints":{"allow":["GET"]}}],"collection":[{"href":"http:\/\/www.remacite.ca\/en\/wp-json\/wp\/v2\/pages"}],"about":[{"href":"http:\/\/www.remacite.ca\/en\/wp-json\/wp\/v2\/types\/page"}],"author":[{"embeddable":true,"href":"http:\/\/www.remacite.ca\/en\/wp-json\/wp\/v2\/users\/1"}],"replies":[{"embeddable":true,"href":"http:\/\/www.remacite.ca\/en\/wp-json\/wp\/v2\/comments?post=588"}],"version-history":[{"count":10,"href":"http:\/\/www.remacite.ca\/en\/wp-json\/wp\/v2\/pages\/588\/revisions"}],"predecessor-version":[{"id":1681,"href":"http:\/\/www.remacite.ca\/en\/wp-json\/wp\/v2\/pages\/588\/revisions\/1681"}],"wp:attachment":[{"href":"http:\/\/www.remacite.ca\/en\/wp-json\/wp\/v2\/media?parent=588"}],"curies":[{"name":"wp","href":"https:\/\/api.w.org\/{rel}","templated":true}]}}