{"id":590,"date":"2024-10-01T15:13:52","date_gmt":"2024-10-01T19:13:52","guid":{"rendered":"https:\/\/www.remacite.ca\/nos-maisons-de-ville\/"},"modified":"2025-10-30T08:47:39","modified_gmt":"2025-10-30T12:47:39","slug":"our-townhouses","status":"publish","type":"page","link":"http:\/\/www.remacite.ca\/en\/our-townhouses\/","title":{"rendered":"Our townhouses"},"content":{"rendered":"","protected":false},"excerpt":{"rendered":"","protected":false},"author":1,"featured_media":229,"parent":0,"menu_order":0,"comment_status":"closed","ping_status":"closed","template":"template-maisons.php","meta":{"_acf_changed":false,"footnotes":""},"class_list":["post-590","page","type-page","status-publish","has-post-thumbnail","hentry"],"acf":[],"yoast_head":"<!-- This site is optimized with the Yoast SEO plugin v27.1.1 - https:\/\/yoast.com\/product\/yoast-seo-wordpress\/ -->\n<title>Our townhouses - Remacit\u00e9<\/title>\n<meta name=\"robots\" content=\"index, follow, max-snippet:-1, max-image-preview:large, max-video-preview:-1\" \/>\n<link rel=\"canonical\" href=\"https:\/\/www.remacite.ca\/en\/our-townhouses\/\" \/>\n<meta property=\"og:locale\" content=\"en_US\" \/>\n<meta property=\"og:type\" content=\"article\" \/>\n<meta property=\"og:title\" content=\"Our townhouses - Remacit\u00e9\" \/>\n<meta property=\"og:url\" content=\"https:\/\/www.remacite.ca\/en\/our-townhouses\/\" \/>\n<meta property=\"og:site_name\" content=\"Remacit\u00e9\" \/>\n<meta property=\"article:modified_time\" content=\"2025-10-30T12:47:39+00:00\" \/>\n<meta property=\"og:image\" content=\"https:\/\/www.remacite.ca\/wp-content\/uploads\/2024\/10\/plan_ensemble.webp\" \/>\n\t<meta property=\"og:image:width\" content=\"1920\" \/>\n\t<meta property=\"og:image:height\" content=\"1080\" \/>\n\t<meta property=\"og:image:type\" content=\"image\/webp\" \/>\n<meta name=\"twitter:card\" content=\"summary_large_image\" \/>\n<meta name=\"twitter:label1\" content=\"Est. reading time\" \/>\n\t<meta name=\"twitter:data1\" content=\"2 minutes\" \/>\n<!-- \/ Yoast SEO plugin. -->","yoast_head_json":{"title":"Our townhouses - Remacit\u00e9","robots":{"index":"index","follow":"follow","max-snippet":"max-snippet:-1","max-image-preview":"max-image-preview:large","max-video-preview":"max-video-preview:-1"},"canonical":"https:\/\/www.remacite.ca\/en\/our-townhouses\/","og_locale":"en_US","og_type":"article","og_title":"Our townhouses - Remacit\u00e9","og_url":"https:\/\/www.remacite.ca\/en\/our-townhouses\/","og_site_name":"Remacit\u00e9","article_modified_time":"2025-10-30T12:47:39+00:00","og_image":[{"width":1920,"height":1080,"url":"https:\/\/www.remacite.ca\/wp-content\/uploads\/2024\/10\/plan_ensemble.webp","type":"image\/webp"}],"twitter_card":"summary_large_image","twitter_misc":{"Est. reading time":"2 minutes"},"schema":{"@context":"https:\/\/schema.org","@graph":[{"@type":"WebPage","@id":"https:\/\/www.remacite.ca\/en\/our-townhouses\/","url":"https:\/\/www.remacite.ca\/en\/our-townhouses\/","name":"Our townhouses - Remacit\u00e9","isPartOf":{"@id":"http:\/\/www.remacite.ca\/en\/#website"},"primaryImageOfPage":{"@id":"https:\/\/www.remacite.ca\/en\/our-townhouses\/#primaryimage"},"image":{"@id":"https:\/\/www.remacite.ca\/en\/our-townhouses\/#primaryimage"},"thumbnailUrl":"http:\/\/www.remacite.ca\/wp-content\/uploads\/2024\/10\/plan_ensemble.webp","datePublished":"2024-10-01T19:13:52+00:00","dateModified":"2025-10-30T12:47:39+00:00","breadcrumb":{"@id":"https:\/\/www.remacite.ca\/en\/our-townhouses\/#breadcrumb"},"inLanguage":"en-US","potentialAction":[{"@type":"ReadAction","target":["https:\/\/www.remacite.ca\/en\/our-townhouses\/"]}]},{"@type":"ImageObject","inLanguage":"en-US","@id":"https:\/\/www.remacite.ca\/en\/our-townhouses\/#primaryimage","url":"http:\/\/www.remacite.ca\/wp-content\/uploads\/2024\/10\/plan_ensemble.webp","contentUrl":"http:\/\/www.remacite.ca\/wp-content\/uploads\/2024\/10\/plan_ensemble.webp","width":1920,"height":1080},{"@type":"BreadcrumbList","@id":"https:\/\/www.remacite.ca\/en\/our-townhouses\/#breadcrumb","itemListElement":[{"@type":"ListItem","position":1,"name":"Accueil","item":"https:\/\/www.remacite.ca\/en\/"},{"@type":"ListItem","position":2,"name":"Our townhouses"}]},{"@type":"WebSite","@id":"http:\/\/www.remacite.ca\/en\/#website","url":"http:\/\/www.remacite.ca\/en\/","name":"Remacit\u00e9","description":"\u00c0 deux pas du REM et du Quartier Dix30, le projet Remacit\u00e9 est l\u2019endroit parfait pour profiter d\u2019une qualit\u00e9 de vie sans pareille au c\u0153ur de l\u2019action","potentialAction":[{"@type":"SearchAction","target":{"@type":"EntryPoint","urlTemplate":"http:\/\/www.remacite.ca\/en\/?s={search_term_string}"},"query-input":{"@type":"PropertyValueSpecification","valueRequired":true,"valueName":"search_term_string"}}],"inLanguage":"en-US"}]}},"_links":{"self":[{"href":"http:\/\/www.remacite.ca\/en\/wp-json\/wp\/v2\/pages\/590","targetHints":{"allow":["GET"]}}],"collection":[{"href":"http:\/\/www.remacite.ca\/en\/wp-json\/wp\/v2\/pages"}],"about":[{"href":"http:\/\/www.remacite.ca\/en\/wp-json\/wp\/v2\/types\/page"}],"author":[{"embeddable":true,"href":"http:\/\/www.remacite.ca\/en\/wp-json\/wp\/v2\/users\/1"}],"replies":[{"embeddable":true,"href":"http:\/\/www.remacite.ca\/en\/wp-json\/wp\/v2\/comments?post=590"}],"version-history":[{"count":9,"href":"http:\/\/www.remacite.ca\/en\/wp-json\/wp\/v2\/pages\/590\/revisions"}],"predecessor-version":[{"id":1180,"href":"http:\/\/www.remacite.ca\/en\/wp-json\/wp\/v2\/pages\/590\/revisions\/1180"}],"wp:featuredmedia":[{"embeddable":true,"href":"http:\/\/www.remacite.ca\/en\/wp-json\/wp\/v2\/media\/229"}],"wp:attachment":[{"href":"http:\/\/www.remacite.ca\/en\/wp-json\/wp\/v2\/media?parent=590"}],"curies":[{"name":"wp","href":"https:\/\/api.w.org\/{rel}","templated":true}]}}