{"id":84,"date":"2024-09-26T14:35:48","date_gmt":"2024-09-26T18:35:48","guid":{"rendered":"https:\/\/www.remacite.ca\/?page_id=84"},"modified":"2026-03-31T09:16:21","modified_gmt":"2026-03-31T13:16:21","slug":"homepage","status":"publish","type":"page","link":"https:\/\/www.remacite.ca\/en\/","title":{"rendered":"Page d&#8217;accueil &#8211; site complet"},"content":{"rendered":"","protected":false},"excerpt":{"rendered":"","protected":false},"author":1,"featured_media":0,"parent":0,"menu_order":0,"comment_status":"closed","ping_status":"closed","template":"template-home.php","meta":{"_acf_changed":false,"footnotes":""},"class_list":["post-84","page","type-page","status-publish","hentry"],"acf":[],"yoast_head":"<!-- This site is optimized with the Yoast SEO plugin v27.1.1 - https:\/\/yoast.com\/product\/yoast-seo-wordpress\/ -->\n<title>Page d&#039;accueil - site complet - Remacit\u00e9<\/title>\n<meta name=\"robots\" content=\"index, follow, max-snippet:-1, max-image-preview:large, max-video-preview:-1\" \/>\n<link rel=\"canonical\" href=\"http:\/\/www.remacite.ca\/en\/\" \/>\n<meta property=\"og:locale\" content=\"en_US\" \/>\n<meta property=\"og:type\" content=\"article\" \/>\n<meta property=\"og:title\" content=\"Page d&#039;accueil - site complet - Remacit\u00e9\" \/>\n<meta property=\"og:url\" content=\"http:\/\/www.remacite.ca\/en\/\" \/>\n<meta property=\"og:site_name\" content=\"Remacit\u00e9\" \/>\n<meta property=\"article:modified_time\" content=\"2026-03-31T13:16:21+00:00\" \/>\n<meta name=\"twitter:card\" content=\"summary_large_image\" \/>\n<meta name=\"twitter:label1\" content=\"Est. reading time\" \/>\n\t<meta name=\"twitter:data1\" content=\"6 minutes\" \/>\n<!-- \/ Yoast SEO plugin. -->","yoast_head_json":{"title":"Page d'accueil - site complet - Remacit\u00e9","robots":{"index":"index","follow":"follow","max-snippet":"max-snippet:-1","max-image-preview":"max-image-preview:large","max-video-preview":"max-video-preview:-1"},"canonical":"http:\/\/www.remacite.ca\/en\/","og_locale":"en_US","og_type":"article","og_title":"Page d'accueil - site complet - Remacit\u00e9","og_url":"http:\/\/www.remacite.ca\/en\/","og_site_name":"Remacit\u00e9","article_modified_time":"2026-03-31T13:16:21+00:00","twitter_card":"summary_large_image","twitter_misc":{"Est. reading time":"6 minutes"},"schema":{"@context":"https:\/\/schema.org","@graph":[{"@type":"WebPage","@id":"http:\/\/www.remacite.ca\/en\/","url":"http:\/\/www.remacite.ca\/en\/","name":"Page d'accueil - site complet - Remacit\u00e9","isPartOf":{"@id":"https:\/\/www.remacite.ca\/#website"},"datePublished":"2024-09-26T18:35:48+00:00","dateModified":"2026-03-31T13:16:21+00:00","breadcrumb":{"@id":"http:\/\/www.remacite.ca\/en\/#breadcrumb"},"inLanguage":"en-US","potentialAction":[{"@type":"ReadAction","target":["http:\/\/www.remacite.ca\/en\/"]}]},{"@type":"BreadcrumbList","@id":"http:\/\/www.remacite.ca\/en\/#breadcrumb","itemListElement":[{"@type":"ListItem","position":1,"name":"Accueil","item":"http:\/\/www.remacite.ca\/en\/"},{"@type":"ListItem","position":2,"name":"Page d&#8217;accueil &#8211; site complet"}]},{"@type":"WebSite","@id":"https:\/\/www.remacite.ca\/#website","url":"https:\/\/www.remacite.ca\/","name":"Remacit\u00e9","description":"\u00c0 deux pas du REM et du Quartier Dix30, le projet Remacit\u00e9 est l\u2019endroit parfait pour profiter d\u2019une qualit\u00e9 de vie sans pareille au c\u0153ur de l\u2019action","potentialAction":[{"@type":"SearchAction","target":{"@type":"EntryPoint","urlTemplate":"https:\/\/www.remacite.ca\/?s={search_term_string}"},"query-input":{"@type":"PropertyValueSpecification","valueRequired":true,"valueName":"search_term_string"}}],"inLanguage":"en-US"}]}},"_links":{"self":[{"href":"https:\/\/www.remacite.ca\/en\/wp-json\/wp\/v2\/pages\/84","targetHints":{"allow":["GET"]}}],"collection":[{"href":"https:\/\/www.remacite.ca\/en\/wp-json\/wp\/v2\/pages"}],"about":[{"href":"https:\/\/www.remacite.ca\/en\/wp-json\/wp\/v2\/types\/page"}],"author":[{"embeddable":true,"href":"https:\/\/www.remacite.ca\/en\/wp-json\/wp\/v2\/users\/1"}],"replies":[{"embeddable":true,"href":"https:\/\/www.remacite.ca\/en\/wp-json\/wp\/v2\/comments?post=84"}],"version-history":[{"count":23,"href":"https:\/\/www.remacite.ca\/en\/wp-json\/wp\/v2\/pages\/84\/revisions"}],"predecessor-version":[{"id":1683,"href":"https:\/\/www.remacite.ca\/en\/wp-json\/wp\/v2\/pages\/84\/revisions\/1683"}],"wp:attachment":[{"href":"https:\/\/www.remacite.ca\/en\/wp-json\/wp\/v2\/media?parent=84"}],"curies":[{"name":"wp","href":"https:\/\/api.w.org\/{rel}","templated":true}]}}